{"id":6,"date":"2025-04-04T20:37:59","date_gmt":"2025-04-04T20:37:59","guid":{"rendered":"https:\/\/batnajms.net\/?page_id=6"},"modified":"2026-02-02T20:02:07","modified_gmt":"2026-02-02T20:02:07","slug":"welcome","status":"publish","type":"page","link":"https:\/\/batnajms.net\/","title":{"rendered":"Welcome"},"content":{"rendered":"\n<pre class=\"wp-block-preformatted\">Official journal of the <em>Algerian Society of Clinical &amp; Oncological Pharmacy<\/em><\/pre>\n\n\n<div class=\"wp-block-image\">\n<figure class=\"aligncenter size-large is-resized\"><img loading=\"lazy\" decoding=\"async\" width=\"725\" height=\"1024\" src=\"https:\/\/batnajms.net\/wp-content\/uploads\/2026\/02\/Cover_page-0001-725x1024.jpg\" alt=\"\" class=\"wp-image-691\" style=\"width:358px;height:auto\" srcset=\"https:\/\/batnajms.net\/wp-content\/uploads\/2026\/02\/Cover_page-0001-725x1024.jpg 725w, https:\/\/batnajms.net\/wp-content\/uploads\/2026\/02\/Cover_page-0001-212x300.jpg 212w, https:\/\/batnajms.net\/wp-content\/uploads\/2026\/02\/Cover_page-0001-768x1085.jpg 768w, https:\/\/batnajms.net\/wp-content\/uploads\/2026\/02\/Cover_page-0001-1087x1536.jpg 1087w, https:\/\/batnajms.net\/wp-content\/uploads\/2026\/02\/Cover_page-0001.jpg 1241w\" sizes=\"auto, (max-width: 725px) 100vw, 725px\" \/><\/figure>\n<\/div>\n\n\n<pre class=\"wp-block-preformatted\">&nbsp;<strong>Abreviation<\/strong>: Batna J Med Sci&nbsp; &nbsp; &nbsp; &nbsp;<strong>Start year: <\/strong>2014&nbsp;  <\/pre>\n\n\n\n<pre class=\"wp-block-preformatted\"><strong>eISSN<\/strong>: 2437-0665\u00a0               <strong>Country:\u00a0<\/strong><em>Algeria   <\/em>            <strong>Doi<\/strong>:10.48087\/BJMS\u00a0              <strong>Acceptance rate:<\/strong> 76%<\/pre>\n\n\n\n<h2 class=\"wp-block-heading\"><\/h2>\n\n\n\n<p>Welcome to the\u00a0<strong>Batna Journal of Medical Sciences<\/strong>\u00a0(BJMS) site, a <strong>free <\/strong>Open Access\u00a0Biomedical Journal.<\/p>\n\n\n\n<p><strong>Aim&nbsp;<\/strong>: BJMS was created to highlight the rich output of&nbsp;medical sciences mainly in Algeria but also elsewhere&nbsp;through its open access policy.<\/p>\n\n\n\n<p><strong>Scope<\/strong>: BJMS is interested in all original biomedical content, whether fundamental, translational, or pathological. We publish original articles, clinical case reports, case series, images, reviews, commentary, and opinions.<\/p>\n\n\n\n<p>BJMS is\u00a0<strong>monthly<\/strong>, with 12 regular issues per year.\u00a0<\/p>\n\n\n\n<p><\/p>\n\n\n\n<p><\/p>\n\n\n\n<p><\/p>\n\n\n\n<p>   <kbd>    <\/kbd><\/p>\n\n\n\n<p><\/p>\n\n\n\n<p><\/p>\n\n\n\n<pre class=\"wp-block-preformatted\"><strong>Bienvenue<\/strong><\/pre>\n\n\n\n<p><em>Bienvenue sur le site de&nbsp;<strong>Batna Journal of Medical Sciences<\/strong>&nbsp;(BJMS), Revue biom\u00e9dicale ouverte \u00ab Open Access \u00bb<\/em><\/p>\n\n\n\n<p><strong>Objectif<\/strong>&nbsp;: BJMS a \u00e9t\u00e9 cr\u00e9\u00e9 pour mettre en valeur la richesse de la production des sciences m\u00e9dicales principalement en Alg\u00e9rie mais aussi ailleurs gr\u00e2ce \u00e0 sa politique de libre acc\u00e8s.<\/p>\n\n\n\n<p><strong>Port\u00e9e<\/strong>&nbsp;: Le BJMS s\u2019int\u00e9resse \u00e0 tout contenu biom\u00e9dical original, qu\u2019il soit fondamental, translationnel ou pathologique. Nous publions des articles originaux, rapports de cas cliniques, des s\u00e9ries de cas, des images, des critiques, des commentaires, des opinions et des mises au point .<\/p>\n\n\n\n<p><em>BJMS est\u00a0<strong>mensuelle<\/strong>, avec 12\u00a0 num\u00e9ros r\u00e9guliers par an.<\/em><\/p>\n\n\n\n<p>Copyright \u00a9 ASCOP. Batna Journal of Medical Sciences<\/p>\n","protected":false},"excerpt":{"rendered":"<p>Official journal of the Algerian Society of Clinical &amp; Oncological Pharmacy &nbsp;Abreviation: Batna J Med Sci&nbsp; &nbsp; &nbsp; &nbsp;Start year: 2014&nbsp; eISSN: 2437-0665\u00a0 Country:\u00a0Algeria Doi:10.48087\/BJMS\u00a0 Acceptance rate: 76% Welcome to the\u00a0Batna Journal of Medical Sciences\u00a0(BJMS) site, a free Open Access\u00a0Biomedical Journal. Aim&nbsp;: BJMS was created to highlight the rich output of&nbsp;medical sciences mainly in Algeria &hellip; <a href=\"https:\/\/batnajms.net\/\" class=\"more-link\">Continuer la lecture de <span class=\"screen-reader-text\">Welcome<\/span><\/a><\/p>\n","protected":false},"author":1,"featured_media":0,"parent":0,"menu_order":0,"comment_status":"closed","ping_status":"closed","template":"","meta":{"footnotes":""},"class_list":["post-6","page","type-page","status-publish","hentry"],"_links":{"self":[{"href":"https:\/\/batnajms.net\/index.php\/wp-json\/wp\/v2\/pages\/6","targetHints":{"allow":["GET"]}}],"collection":[{"href":"https:\/\/batnajms.net\/index.php\/wp-json\/wp\/v2\/pages"}],"about":[{"href":"https:\/\/batnajms.net\/index.php\/wp-json\/wp\/v2\/types\/page"}],"author":[{"embeddable":true,"href":"https:\/\/batnajms.net\/index.php\/wp-json\/wp\/v2\/users\/1"}],"replies":[{"embeddable":true,"href":"https:\/\/batnajms.net\/index.php\/wp-json\/wp\/v2\/comments?post=6"}],"version-history":[{"count":18,"href":"https:\/\/batnajms.net\/index.php\/wp-json\/wp\/v2\/pages\/6\/revisions"}],"predecessor-version":[{"id":693,"href":"https:\/\/batnajms.net\/index.php\/wp-json\/wp\/v2\/pages\/6\/revisions\/693"}],"wp:attachment":[{"href":"https:\/\/batnajms.net\/index.php\/wp-json\/wp\/v2\/media?parent=6"}],"curies":[{"name":"wp","href":"https:\/\/api.w.org\/{rel}","templated":true}]}}